{"id":940,"date":"2023-06-16T18:37:07","date_gmt":"2023-06-16T16:37:07","guid":{"rendered":"https:\/\/innogreen.ugal.ro\/site\/?page_id=940"},"modified":"2024-11-15T19:03:08","modified_gmt":"2024-11-15T17:03:08","slug":"gbic","status":"publish","type":"page","link":"https:\/\/innogreen.ugal.ro\/site\/it\/gbic\/","title":{"rendered":"Telaio dell&#8217;innovazione aziendale verde"},"content":{"rendered":"<p>[et_pb_section fb_built=&#8221;1&#8243; custom_padding_last_edited=&#8221;on|tablet&#8221; admin_label=&#8221;Hero&#8221; _builder_version=&#8221;4.21.0&#8243; use_background_color_gradient=&#8221;on&#8221; background_color_gradient_stops=&#8221;#001b56 28%|#0e4de3 100%&#8221; background_color_gradient_start=&#8221;#001b56&#8243; background_color_gradient_start_position=&#8221;28%&#8221; background_color_gradient_end=&#8221;#0e4de3&#8243; background_image=&#8221;https:\/\/innogreen.ugal.ro\/site\/wp-content\/uploads\/2023\/05\/robotics-05-1.png&#8221; background_size=&#8221;initial&#8221; background_position=&#8221;bottom_right&#8221; width=&#8221;90%&#8221; custom_margin=&#8221;||||false|false&#8221; custom_margin_last_edited=&#8221;off|tablet&#8221; custom_padding=&#8221;5vw||0px|10vw|false|false&#8221; custom_padding_tablet=&#8221;|10vw||10vw|false|true&#8221; custom_padding_phone=&#8221;&#8221; locked=&#8221;off&#8221; global_colors_info=&#8221;{}&#8221;][et_pb_row column_structure=&#8221;3_5,2_5&#8243; _builder_version=&#8221;4.23.4&#8243; width=&#8221;100%&#8221; global_colors_info=&#8221;{}&#8221;][et_pb_column type=&#8221;3_5&#8243; _builder_version=&#8221;4.16&#8243; global_colors_info=&#8221;{}&#8221;][et_pb_text _builder_version=&#8221;4.23.4&#8243; text_font=&#8221;|600|||||||&#8221; text_font_size=&#8221;36px&#8221; header_font=&#8221;Bungee Hairline|600|||||||&#8221; header_font_size=&#8221;72px&#8221; background_layout=&#8221;dark&#8221; header_font_size_tablet=&#8221;48px&#8221; header_font_size_phone=&#8221;28px&#8221; header_font_size_last_edited=&#8221;on|desktop&#8221; global_colors_info=&#8221;{}&#8221;]<\/p>\n<p>Green Business Innovation Canvas<\/p>\n<p>[\/et_pb_text][\/et_pb_column][et_pb_column type=&#8221;2_5&#8243; _builder_version=&#8221;4.16&#8243; global_colors_info=&#8221;{}&#8221;][\/et_pb_column][\/et_pb_row][\/et_pb_section][et_pb_section fb_built=&#8221;1&#8243; fullwidth=&#8221;on&#8221; _builder_version=&#8221;4.23.4&#8243; _module_preset=&#8221;default&#8221; global_colors_info=&#8221;{}&#8221;][et_pb_fullwidth_code _builder_version=&#8221;4.23.4&#8243; _module_preset=&#8221;default&#8221; custom_padding=&#8221;||0px|||&#8221; animation_style=&#8221;fade&#8221; animation_delay=&#8221;300ms&#8221; hover_transition_speed_curve=&#8221;ease-in-out&#8221; hover_enabled=&#8221;0&#8243; global_colors_info=&#8221;{}&#8221; sticky_enabled=&#8221;0&#8243;]<script src=\"\/gbic\/jquery.3.7.1.min.js\"><\/script><!-- [et_pb_line_break_holder] --><script src=\"\/gbic\/bootstrap.bundle.min.js\"><\/script><!-- [et_pb_line_break_holder] --><script src=\"\/gbic\/gbic_it.js\"><\/script><!-- [et_pb_line_break_holder] --><\/p>\n<div class=\"row mt-4\" style=\"height:30px;\">  <!-- [et_pb_line_break_holder] -->  <\/p>\n<div class=\"\" style=\"max-width:180px;position:absolute;\" id=\"btnHolder\"><button type=\"button\" class=\"btn btn-primary\" id=\"btnPrint\">Generare il PDF<\/button><\/div>\n<p>    <!-- [et_pb_line_break_holder] --><\/div>\n<p><!-- [et_pb_line_break_holder] --><\/p>\n<div id=\"gbic_container\" style=\"width:100%;text-align:center;margin:auto;\"><!-- [et_pb_line_break_holder] --><!-- [et_pb_line_break_holder] --><\/div>\n<p><!-- [et_pb_line_break_holder] --><\/p>\n<div id=\"text_below\" style=\"margin:auto; text-align:justify; padding:0px 100px;\"><!-- [et_pb_line_break_holder] -->  Questo schema illustra come integrare pratiche ecologiche (ambientali, sociali, economiche) in ciascun modulo del Business Model Canvas per creare un Green Business Innovation Canvas, mettendo in risalto la sostenibilit\u00e0 in tutti gli aspetti del modello di business.<!-- [et_pb_line_break_holder] --><\/div>\n<p>[\/et_pb_fullwidth_code][\/et_pb_section][et_pb_section fb_built=&#8221;1&#8243; admin_label=&#8221;About&#8221; _builder_version=&#8221;4.16&#8243; background_color=&#8221;rgba(0,0,0,0)&#8221; z_index=&#8221;10&#8243; overflow-x=&#8221;hidden&#8221; overflow-y=&#8221;hidden&#8221; custom_padding=&#8221;17px||6px|||&#8221; locked=&#8221;off&#8221; global_colors_info=&#8221;{}&#8221;][et_pb_row column_structure=&#8221;1_2,1_2&#8243; _builder_version=&#8221;4.16&#8243; custom_padding=&#8221;||104px|||&#8221; global_colors_info=&#8221;{}&#8221;][et_pb_column type=&#8221;1_2&#8243; _builder_version=&#8221;4.21.0&#8243; z_index=&#8221;10&#8243; custom_padding_tablet=&#8221;&#8221; custom_padding_phone=&#8221;&#8221; custom_padding_last_edited=&#8221;on|tablet&#8221; global_colors_info=&#8221;{}&#8221;][et_pb_text _builder_version=&#8221;4.23.4&#8243; text_font=&#8221;PT Sans||||||||&#8221; text_font_size=&#8221;16px&#8221; text_line_height=&#8221;1.9em&#8221; module_alignment=&#8221;center&#8221; custom_margin=&#8221;-17px|||||&#8221; text_font_size_tablet=&#8221;15px&#8221; text_font_size_phone=&#8221;14px&#8221; text_font_size_last_edited=&#8221;on|tablet&#8221; text_orientation_tablet=&#8221;center&#8221; text_orientation_last_edited=&#8221;off|tablet&#8221; global_colors_info=&#8221;{}&#8221;]<\/p>\n<p>Il GBIC (Green Business Innovation Canvas) \u00e8 uno strumento progettato per aiutare le aziende a creare e migliorare modelli di business sostenibili. \u00c8 una versione modificata del Business Model Canvas tradizionale, pensata per le aziende che vogliono adottare pratiche ecologiche nelle loro attivit\u00e0 e offerte.<\/p>\n<p>Con il GBIC, le aziende possono scoprire come ridurre l\u2019impatto ambientale, diventare pi\u00f9 sostenibili e creare valore per l\u2019impresa, i clienti e il pianeta. Questo strumento aiuta a trovare idee basate su fattori ambientali, sociali ed economici per inserire pratiche ecologiche nei nove elementi principali del modello di business.<\/p>\n<p>[\/et_pb_text][\/et_pb_column][et_pb_column type=&#8221;1_2&#8243; _builder_version=&#8221;4.16&#8243; global_colors_info=&#8221;{}&#8221;][et_pb_image src=&#8221;https:\/\/innogreen.ugal.ro\/site\/wp-content\/uploads\/2024\/07\/image1-it.png&#8221; align=&#8221;right&#8221; _builder_version=&#8221;4.23.4&#8243; width=&#8221;16vw&#8221; module_alignment=&#8221;left&#8221; custom_margin=&#8221;-7vw|-20vw|-3vw||false|false&#8221; custom_padding=&#8221;158px||48px|||&#8221; scroll_horizontal_motion_enable=&#8221;on&#8221; scroll_horizontal_motion=&#8221;0|100|100|100|2|0|0&#8243; motion_trigger_start=&#8221;top&#8221; global_colors_info=&#8221;{}&#8221;][\/et_pb_image][\/et_pb_column][\/et_pb_row][\/et_pb_section][et_pb_section fb_built=&#8221;1&#8243; admin_label=&#8221;Feature&#8221; _builder_version=&#8221;4.16&#8243; custom_padding=&#8221;50px||19px||false|false&#8221; locked=&#8221;off&#8221; global_colors_info=&#8221;{}&#8221;][et_pb_row column_structure=&#8221;2_5,3_5&#8243; _builder_version=&#8221;4.21.0&#8243; width=&#8221;51%&#8221; max_width=&#8221;1200px&#8221; custom_padding=&#8221;||0px|||&#8221; global_colors_info=&#8221;{}&#8221;][et_pb_column type=&#8221;2_5&#8243; _builder_version=&#8221;4.16&#8243; global_colors_info=&#8221;{}&#8221;][et_pb_image src=&#8221;https:\/\/innogreen.ugal.ro\/site\/wp-content\/uploads\/2024\/06\/spiral3.png&#8221; _builder_version=&#8221;4.23.4&#8243; width=&#8221;25vw&#8221; max_width=&#8221;25vw&#8221; custom_margin=&#8221;-20%|||-45%|false|false&#8221; custom_margin_tablet=&#8221;0%|||0%|false|false&#8221; custom_margin_phone=&#8221;&#8221; custom_margin_last_edited=&#8221;on|tablet&#8221; scroll_horizontal_motion=&#8221;0|100|100|100|-1|0|0&#8243; scroll_rotating_enable=&#8221;on&#8221; scroll_rotating=&#8221;0|50|50|100|90\u00b0|0|-90\u00b0&#8221; global_colors_info=&#8221;{}&#8221;][\/et_pb_image][\/et_pb_column][et_pb_column type=&#8221;3_5&#8243; _builder_version=&#8221;4.16&#8243; global_colors_info=&#8221;{}&#8221;][et_pb_text _builder_version=&#8221;4.23.4&#8243; header_2_font=&#8221;Exo 2|600|||||||&#8221; header_2_text_align=&#8221;left&#8221; header_2_font_size=&#8221;48px&#8221; header_2_line_height=&#8221;1.3em&#8221; module_alignment=&#8221;center&#8221; custom_margin=&#8221;-52px|||||&#8221; header_2_text_align_tablet=&#8221;&#8221; header_2_text_align_phone=&#8221;&#8221; header_2_text_align_last_edited=&#8221;on|tablet&#8221; header_2_font_size_tablet=&#8221;32px&#8221; header_2_font_size_phone=&#8221;20px&#8221; header_2_font_size_last_edited=&#8221;on|phone&#8221; locked=&#8221;off&#8221; global_colors_info=&#8221;{}&#8221; header_2_2_font_size_tablet=&#8221;32px&#8221; header_3_2_font_size_tablet=&#8221;32px&#8221; header_4_2_font_size_tablet=&#8221;32px&#8221; header_5_2_font_size_tablet=&#8221;32px&#8221; header_6_2_font_size_tablet=&#8221;32px&#8221; header_2_2_font_size_phone=&#8221;20px&#8221; header_3_2_font_size_phone=&#8221;20px&#8221; header_4_2_font_size_phone=&#8221;20px&#8221; header_5_2_font_size_phone=&#8221;20px&#8221; header_6_2_font_size_phone=&#8221;20px&#8221; header_2_2_font_size_last_edited=&#8221;on|phone&#8221; header_3_2_font_size_last_edited=&#8221;on|phone&#8221; header_4_2_font_size_last_edited=&#8221;on|phone&#8221; header_5_2_font_size_last_edited=&#8221;on|phone&#8221; header_6_2_font_size_last_edited=&#8221;on|phone&#8221;]<\/p>\n<h2><strong>Come utilizzare il GBIC<\/strong><\/h2>\n<h2><strong>Green Business Innovation Canvas<\/strong><\/h2>\n<p>[\/et_pb_text][et_pb_text _builder_version=&#8221;4.23.4&#8243; text_font=&#8221;PT Sans||||||||&#8221; text_font_size=&#8221;16px&#8221; text_line_height=&#8221;1.9em&#8221; module_alignment=&#8221;center&#8221; custom_margin=&#8221;|1vw||-1px|false|false&#8221; custom_padding=&#8221;|0px||||&#8221; text_font_size_tablet=&#8221;15px&#8221; text_font_size_phone=&#8221;14px&#8221; text_font_size_last_edited=&#8221;on|tablet&#8221; text_orientation_tablet=&#8221;center&#8221; text_orientation_last_edited=&#8221;off|tablet&#8221; custom_css_main_element=&#8221;min-width: 35vw;&#8221; locked=&#8221;off&#8221; global_colors_info=&#8221;{}&#8221;]<\/p>\n<p>Il GBIC \u00e8 uno strumento progettato per aiutare imprenditori e aziende a sviluppare idee innovative per un\u2019azienda sostenibile.<\/p>\n<ol>\n<li><strong>Definire il problema <\/strong>spiegando chiaramente il tema ambientale o di sostenibilit\u00e0 che la tua idea imprenditoriale mira ad affrontare.<\/li>\n<li><strong> <\/strong>Utilizzare il GBIC per fare un brainstorming di soluzioni innovative al problema identificato. Identificare <strong>l&#8217;innovazione per prodotti\/ servizi \/ mercato \/ design \/ brand \/ tecnologia \/ processo \/ consegna <\/strong>ispirandosi ai trigger (elementi prioritari) ambientali, sociali ed economici elencati.<\/li>\n<li>Valutare la fattibilit\u00e0 e l&#8217;impatto potenziale di ciascuna soluzione considerando fattori come la fattibilit\u00e0 tecnica, la domanda di mercato, i requisiti di risorse, la scalabilit\u00e0 e i benefici economici. Classificare o prioritizzare le soluzioni in base al loro potenziale di creare un cambiamento positivo.<\/li>\n<li>Sviluppare un <strong>piano di implementazione<\/strong> che delinei i passaggi necessari per concretizzare la tua idea di business sostenibile. Considerare fattori come l&#8217;allocazione delle risorse, la timeline, le tappe fondamentali, gli indicatori chiave di prestazione (KPI) e le strategie di mitigazione dei rischi.<\/li>\n<li>Iterare e <strong>affinare continuamente<\/strong> la tua idea di business sostenibile basandoti su valutazioni, nuove informazioni e condizioni di mercato in evoluzione. Essere aperti a modificare e migliorare il proprio approccio ed esplorare soluzioni alternative se necessario.<\/li>\n<li><strong>Cercare collaborazione<\/strong> e supporto dai soggetti interessati, partner ed esperti per collaborare nell&#8217;attuazione della tua idea di business sostenibile. Cercare supporto da investitori, agenzie governative e associazioni di settore che possono fornire finanziamenti, incentivi o risorse per supportare iniziative di innovazione sostenibile.<\/li>\n<\/ol>\n<p>[\/et_pb_text][\/et_pb_column][\/et_pb_row][\/et_pb_section][et_pb_section fb_built=&#8221;1&#8243; _builder_version=&#8221;4.21.0&#8243; _module_preset=&#8221;default&#8221; background_color=&#8221;#222222&#8243; custom_margin=&#8221;4vh||0px||false|false&#8221; locked=&#8221;off&#8221; global_colors_info=&#8221;{}&#8221;][et_pb_row column_structure=&#8221;1_2,1_2&#8243; _builder_version=&#8221;4.21.0&#8243; _module_preset=&#8221;default&#8221; locked=&#8221;off&#8221; global_colors_info=&#8221;{}&#8221;][et_pb_column type=&#8221;1_2&#8243; _builder_version=&#8221;4.21.0&#8243; _module_preset=&#8221;default&#8221; global_colors_info=&#8221;{}&#8221;][et_pb_blurb image=&#8221;https:\/\/innogreen.ugal.ro\/site\/wp-content\/uploads\/2023\/05\/eu.png&#8221; icon_placement=&#8221;left&#8221; image_icon_width=&#8221;120px&#8221; _builder_version=&#8221;4.21.0&#8243; _module_preset=&#8221;default&#8221; global_colors_info=&#8221;{}&#8221;]<\/p>\n<p><span style=\"font-size: 36px; font-weight: bold; line-height: 1em; color: #003399; white-space: nowrap;\">Cofinanziato<br \/><span>dall&#8217;Unione europea<\/span><br \/><\/span><\/p>\n<p>[\/et_pb_blurb][\/et_pb_column][et_pb_column type=&#8221;1_2&#8243; _builder_version=&#8221;4.21.0&#8243; _module_preset=&#8221;default&#8221; global_colors_info=&#8221;{}&#8221;][et_pb_text _builder_version=&#8221;4.21.0&#8243; _module_preset=&#8221;default&#8221; global_colors_info=&#8221;{}&#8221;]<\/p>\n<p style=\"text-align: justify;\"><span>KA220-ADU \u2013 Cooperation partnerships in adult education<br \/>2022-1-RO01-KA220-ADU-000085596 \u2013 Romania<br \/><\/span><span>Finanziato dall&#8217;Unione europea. Le opinioni espresse appartengono, tuttavia, al solo o ai soli autori e non riflettono necessariamente le opinioni dell&#8217;Unione europea o dell\u2019Agenzia esecutiva europea per l\u2019istruzione e la cultura (EACEA). N\u00e9 l&#8217;Unione europea n\u00e9 l&#8217;EACEA possono esserne ritenute responsabili.<\/span><\/p>\n<p>[\/et_pb_text][\/et_pb_column][\/et_pb_row][\/et_pb_section][et_pb_section fb_built=&#8221;1&#8243; _builder_version=&#8221;4.21.0&#8243; _module_preset=&#8221;default&#8221; background_color=&#8221;#171717&#8243; custom_margin=&#8221;0px||0px||false|false&#8221; custom_padding=&#8221;20px||20px||false|false&#8221; global_colors_info=&#8221;{}&#8221;][et_pb_row column_structure=&#8221;1_2,1_2&#8243; _builder_version=&#8221;4.21.0&#8243; _module_preset=&#8221;default&#8221; custom_margin=&#8221;0px||0px||false|false&#8221; custom_padding=&#8221;0px||0px||false|false&#8221; global_colors_info=&#8221;{}&#8221;][et_pb_column type=&#8221;1_2&#8243; _builder_version=&#8221;4.21.0&#8243; _module_preset=&#8221;default&#8221; global_colors_info=&#8221;{}&#8221;][et_pb_text _builder_version=&#8221;4.21.0&#8243; _module_preset=&#8221;default&#8221; custom_margin=&#8221;10px||||false|false&#8221; global_colors_info=&#8221;{}&#8221;]<\/p>\n<p>InnoGreen @cti.ugal.ro<\/p>\n<p>[\/et_pb_text][\/et_pb_column][et_pb_column type=&#8221;1_2&#8243; _builder_version=&#8221;4.21.0&#8243; _module_preset=&#8221;default&#8221; global_colors_info=&#8221;{}&#8221;][et_pb_social_media_follow _builder_version=&#8221;4.21.0&#8243; _module_preset=&#8221;default&#8221; text_orientation=&#8221;right&#8221; global_colors_info=&#8221;{}&#8221;][et_pb_social_media_follow_network social_network=&#8221;facebook&#8221; url=&#8221;https:\/\/www.facebook.com\/profile.php?id=100088314232176&#8243; _builder_version=&#8221;4.21.0&#8243; _module_preset=&#8221;default&#8221; background_color=&#8221;#3b5998&#8243; global_colors_info=&#8221;{}&#8221; follow_button=&#8221;off&#8221; url_new_window=&#8221;on&#8221;]facebook[\/et_pb_social_media_follow_network][et_pb_social_media_follow_network social_network=&#8221;linkedin&#8221; url=&#8221;https:\/\/www.linkedin.com\/groups\/14161720\/&#8221; _builder_version=&#8221;4.21.0&#8243; _module_preset=&#8221;default&#8221; background_color=&#8221;#007bb6&#8243; global_colors_info=&#8221;{}&#8221; follow_button=&#8221;off&#8221; url_new_window=&#8221;on&#8221;]linkedin[\/et_pb_social_media_follow_network][\/et_pb_social_media_follow][\/et_pb_column][\/et_pb_row][\/et_pb_section]<\/p>\n","protected":false},"excerpt":{"rendered":"<p>Green Business Innovation CanvasIl GBIC (Green Business Innovation Canvas) \u00e8 uno strumento progettato per aiutare le aziende a creare e migliorare modelli di business sostenibili. \u00c8 una versione modificata del Business Model Canvas tradizionale, pensata per le aziende che vogliono adottare pratiche ecologiche nelle loro attivit\u00e0 e offerte. Con il GBIC, le aziende possono scoprire [&hellip;]<\/p>\n","protected":false},"author":1,"featured_media":0,"parent":0,"menu_order":0,"comment_status":"closed","ping_status":"closed","template":"","meta":{"_et_pb_use_builder":"on","_et_pb_old_content":"","_et_gb_content_width":"","footnotes":""},"class_list":["post-940","page","type-page","status-publish","hentry"],"_links":{"self":[{"href":"https:\/\/innogreen.ugal.ro\/site\/wp-json\/wp\/v2\/pages\/940","targetHints":{"allow":["GET"]}}],"collection":[{"href":"https:\/\/innogreen.ugal.ro\/site\/wp-json\/wp\/v2\/pages"}],"about":[{"href":"https:\/\/innogreen.ugal.ro\/site\/wp-json\/wp\/v2\/types\/page"}],"author":[{"embeddable":true,"href":"https:\/\/innogreen.ugal.ro\/site\/wp-json\/wp\/v2\/users\/1"}],"replies":[{"embeddable":true,"href":"https:\/\/innogreen.ugal.ro\/site\/wp-json\/wp\/v2\/comments?post=940"}],"version-history":[{"count":16,"href":"https:\/\/innogreen.ugal.ro\/site\/wp-json\/wp\/v2\/pages\/940\/revisions"}],"predecessor-version":[{"id":1735,"href":"https:\/\/innogreen.ugal.ro\/site\/wp-json\/wp\/v2\/pages\/940\/revisions\/1735"}],"wp:attachment":[{"href":"https:\/\/innogreen.ugal.ro\/site\/wp-json\/wp\/v2\/media?parent=940"}],"curies":[{"name":"wp","href":"https:\/\/api.w.org\/{rel}","templated":true}]}}